{"id":186,"date":"2026-02-02T16:04:18","date_gmt":"2026-02-02T15:04:18","guid":{"rendered":"https:\/\/www.evomed.com.pl\/warszawa2\/?page_id=186"},"modified":"2026-02-02T16:13:33","modified_gmt":"2026-02-02T15:13:33","slug":"pielegniarska-opieka-dlugoterminowa","status":"publish","type":"page","link":"https:\/\/www.evomed.com.pl\/warszawa2\/pielegniarska-opieka-dlugoterminowa\/","title":{"rendered":"Piel\u0119gniarska opieka d\u0142ugoterminowa"},"content":{"rendered":"\n<div class=\"wp-block-columns is-layout-flex wp-container-core-columns-is-layout-9d6595d7 wp-block-columns-is-layout-flex\">\n<div class=\"wp-block-column is-layout-flow wp-block-column-is-layout-flow\">\n<h1 class=\"wp-block-heading\">Piel\u0119gniarska opieka d\u0142ugoterminowa<\/h1>\n\n\n\n<p>Opieka \u015bwiadczona w\u00a0warunkach domowych przez\u00a0piel\u0119gniarki wyspecjalizowane w\u00a0opiece nad\u00a0ob\u0142o\u017cnie chorymi.<\/p>\n\n\n\n<h4 class=\"wp-block-heading\">Opieka realizowana jest na\u00a0zlecenie lekarza ubezpieczenia zdrowotnego.<\/h4>\n\n\n\n<p>tel.\u00a0<a href=\"tel:506%20217%20594\">506 217 594<\/a><\/p>\n\n\n\n<h3 class=\"wp-block-heading\">Dokumenty do\u00a0pobrania<\/h3>\n\n\n\n<div style=\"height:100px\" aria-hidden=\"true\" class=\"wp-block-spacer is-style-m-spacerhalf\"><\/div>\n\n\n<div class=\"pliki \">\r\n\r\n\r\n\t\t\t\t<div class=\"plik\">\r\n\t\t\t\t<a href=\"https:\/\/www.evomed.com.pl\/warszawa2\/wp-content\/uploads\/sites\/2\/2026\/02\/barthel.pdf\" title=\"barthel\" target=\"_blank\">\r\n\r\n\t\t\t\t\t\r\n\t\t\t\t\t\t<img decoding=\"async\" src=\"https:\/\/www.evomed.com.pl\/warszawa2\/wp-content\/themes\/moai\/assets\/images\/file.svg\" class=\"fico\">\r\n\r\n\t\t\t\t\t\r\n\r\n\r\n\t\t\t\t\t<div class=\"pliktyt\">\r\n\r\n\t\t\t\t\t\t<div class=\"pliktwrap\">\r\n\t\t\t\t\t\t\tKarta oceny \u015bwiadczeniobiorcy kierowanego do obj\u0119cia\/obj\u0119tego piel\u0119gniarsk\u0105 opiek\u0105 d\u0142ugoterminow\u0105 domow\u0105\r\n\t\t\t\t\t\t\t\t\t\t\t\t\t\t\t<div class=\"plikinfo\">\r\n\t\t\t\t\t\t\t\t\t(<span>pdf<\/span>, 241.63 Kb)\t\t\t\t\t\t\t\t<\/div>\r\n\t\t\t\t\t\t\t\r\n\t\t\t\t\t\t<\/div>\r\n\r\n\t\t\t\t\t\t\t\t\t\t\t<\/div>\r\n\r\n\t\t\t\t<\/a>\r\n\r\n\t\t\t<\/div>\r\n\t\t\t\t<div class=\"plik\">\r\n\t\t\t\t<a href=\"https:\/\/www.evomed.com.pl\/warszawa2\/wp-content\/uploads\/sites\/2\/2026\/02\/instrukcja_wypelniania_dokumentow_opieka_domowa.pdf\" title=\"instrukcja_wypelniania_dokumentow_opieka_domowa\" target=\"_blank\">\r\n\r\n\t\t\t\t\t\r\n\t\t\t\t\t\t<img decoding=\"async\" src=\"https:\/\/www.evomed.com.pl\/warszawa2\/wp-content\/themes\/moai\/assets\/images\/file.svg\" class=\"fico\">\r\n\r\n\t\t\t\t\t\r\n\r\n\r\n\t\t\t\t\t<div class=\"pliktyt\">\r\n\r\n\t\t\t\t\t\t<div class=\"pliktwrap\">\r\n\t\t\t\t\t\t\tZasady wype\u0142niania dokument\u00f3w kieruj\u0105cych pacjenta do piel\u0119gniarskiej opieki d\u0142ugoterminowej domowej\r\n\t\t\t\t\t\t\t\t\t\t\t\t\t\t\t<div class=\"plikinfo\">\r\n\t\t\t\t\t\t\t\t\t(<span>pdf<\/span>, 263.41 Kb)\t\t\t\t\t\t\t\t<\/div>\r\n\t\t\t\t\t\t\t\r\n\t\t\t\t\t\t<\/div>\r\n\r\n\t\t\t\t\t\t\t\t\t\t\t<\/div>\r\n\r\n\t\t\t\t<\/a>\r\n\r\n\t\t\t<\/div>\r\n\t\t\t\t<div class=\"plik\">\r\n\t\t\t\t<a href=\"https:\/\/www.evomed.com.pl\/warszawa2\/wp-content\/uploads\/sites\/2\/2026\/02\/skierowanie_do_objecia_dlugoterminowa_opieka_pielegniarska.pdf\" title=\"skierowanie_do_objecia_dlugoterminowa_opieka_pielegniarska\" target=\"_blank\">\r\n\r\n\t\t\t\t\t\r\n\t\t\t\t\t\t<img decoding=\"async\" src=\"https:\/\/www.evomed.com.pl\/warszawa2\/wp-content\/themes\/moai\/assets\/images\/file.svg\" class=\"fico\">\r\n\r\n\t\t\t\t\t\r\n\r\n\r\n\t\t\t\t\t<div class=\"pliktyt\">\r\n\r\n\t\t\t\t\t\t<div class=\"pliktwrap\">\r\n\t\t\t\t\t\t\tSkierowanie do obj\u0119cia piel\u0119gniarsk\u0105 opiek\u0105 d\u0142ugoterminow\u0105 domow\u0105\r\n\t\t\t\t\t\t\t\t\t\t\t\t\t\t\t<div class=\"plikinfo\">\r\n\t\t\t\t\t\t\t\t\t(<span>pdf<\/span>, 176.50 Kb)\t\t\t\t\t\t\t\t<\/div>\r\n\t\t\t\t\t\t\t\r\n\t\t\t\t\t\t<\/div>\r\n\r\n\t\t\t\t\t\t\t\t\t\t\t<\/div>\r\n\r\n\t\t\t\t<\/a>\r\n\r\n\t\t\t<\/div>\r\n\t\t\t\t<div class=\"plik\">\r\n\t\t\t\t<a href=\"https:\/\/www.evomed.com.pl\/warszawa2\/wp-content\/uploads\/sites\/2\/2026\/02\/zgoda-.pdf\" title=\"zgoda-\" target=\"_blank\">\r\n\r\n\t\t\t\t\t\r\n\t\t\t\t\t\t<img decoding=\"async\" src=\"https:\/\/www.evomed.com.pl\/warszawa2\/wp-content\/themes\/moai\/assets\/images\/file.svg\" class=\"fico\">\r\n\r\n\t\t\t\t\t\r\n\r\n\r\n\t\t\t\t\t<div class=\"pliktyt\">\r\n\r\n\t\t\t\t\t\t<div class=\"pliktwrap\">\r\n\t\t\t\t\t\t\tPiel\u0119gniarska opieka d\u0142ugoterminowa \u2013 Zgoda pacjenta\r\n\t\t\t\t\t\t\t\t\t\t\t\t\t\t\t<div class=\"plikinfo\">\r\n\t\t\t\t\t\t\t\t\t(<span>pdf<\/span>, 55.02 Kb)\t\t\t\t\t\t\t\t<\/div>\r\n\t\t\t\t\t\t\t\r\n\t\t\t\t\t\t<\/div>\r\n\r\n\t\t\t\t\t\t\t\t\t\t\t<\/div>\r\n\r\n\t\t\t\t<\/a>\r\n\r\n\t\t\t<\/div>\r\n\t\r\n<\/div><\/div>\n<\/div>\n\n\n\n<p><\/p>\n","protected":false},"excerpt":{"rendered":"<p>Piel\u0119gniarska opieka d\u0142ugoterminowa Opieka \u015bwiadczona w\u00a0warunkach domowych przez\u00a0piel\u0119gniarki wyspecjalizowane w\u00a0opiece nad\u00a0ob\u0142o\u017cnie chorymi. Opieka realizowana jest na\u00a0zlecenie lekarza ubezpieczenia zdrowotnego. tel.\u00a0506 217 594 Dokumenty do\u00a0pobrania<\/p>\n","protected":false},"author":1,"featured_media":0,"parent":0,"menu_order":0,"comment_status":"closed","ping_status":"closed","template":"","meta":{"_acf_changed":false,"inline_featured_image":false,"footnotes":""},"class_list":["post-186","page","type-page","status-publish","hentry"],"acf":[],"yoast_head":"<!-- This site is optimized with the Yoast SEO plugin v27.2 - https:\/\/yoast.com\/product\/yoast-seo-wordpress\/ -->\n<title>Piel\u0119gniarska opieka d\u0142ugoterminowa - Warszawa<\/title>\n<meta name=\"robots\" content=\"index, follow, max-snippet:-1, max-image-preview:large, max-video-preview:-1\" \/>\n<link rel=\"canonical\" href=\"https:\/\/www.evomed.com.pl\/warszawa2\/pielegniarska-opieka-dlugoterminowa\/\" \/>\n<meta property=\"og:locale\" content=\"pl_PL\" \/>\n<meta property=\"og:type\" content=\"article\" \/>\n<meta property=\"og:title\" content=\"Piel\u0119gniarska opieka d\u0142ugoterminowa - Warszawa\" \/>\n<meta property=\"og:description\" content=\"Piel\u0119gniarska opieka d\u0142ugoterminowa Opieka \u015bwiadczona w\u00a0warunkach domowych przez\u00a0piel\u0119gniarki wyspecjalizowane w\u00a0opiece nad\u00a0ob\u0142o\u017cnie chorymi. Opieka realizowana jest na\u00a0zlecenie lekarza ubezpieczenia zdrowotnego. tel.\u00a0506 217 594 Dokumenty do\u00a0pobrania\" \/>\n<meta property=\"og:url\" content=\"https:\/\/www.evomed.com.pl\/warszawa2\/pielegniarska-opieka-dlugoterminowa\/\" \/>\n<meta property=\"og:site_name\" content=\"Warszawa\" \/>\n<meta property=\"article:modified_time\" content=\"2026-02-02T15:13:33+00:00\" \/>\n<meta name=\"twitter:card\" content=\"summary_large_image\" \/>\n<meta name=\"twitter:label1\" content=\"Szacowany czas czytania\" \/>\n\t<meta name=\"twitter:data1\" content=\"1 minuta\" \/>\n<script type=\"application\/ld+json\" class=\"yoast-schema-graph\">{\"@context\":\"https:\/\/schema.org\",\"@graph\":[{\"@type\":\"WebPage\",\"@id\":\"https:\/\/www.evomed.com.pl\/warszawa2\/pielegniarska-opieka-dlugoterminowa\/\",\"url\":\"https:\/\/www.evomed.com.pl\/warszawa2\/pielegniarska-opieka-dlugoterminowa\/\",\"name\":\"Piel\u0119gniarska opieka d\u0142ugoterminowa - Warszawa\",\"isPartOf\":{\"@id\":\"https:\/\/www.evomed.com.pl\/warszawa2\/#website\"},\"datePublished\":\"2026-02-02T15:04:18+00:00\",\"dateModified\":\"2026-02-02T15:13:33+00:00\",\"breadcrumb\":{\"@id\":\"https:\/\/www.evomed.com.pl\/warszawa2\/pielegniarska-opieka-dlugoterminowa\/#breadcrumb\"},\"inLanguage\":\"pl-PL\",\"potentialAction\":[{\"@type\":\"ReadAction\",\"target\":[\"https:\/\/www.evomed.com.pl\/warszawa2\/pielegniarska-opieka-dlugoterminowa\/\"]}]},{\"@type\":\"BreadcrumbList\",\"@id\":\"https:\/\/www.evomed.com.pl\/warszawa2\/pielegniarska-opieka-dlugoterminowa\/#breadcrumb\",\"itemListElement\":[{\"@type\":\"ListItem\",\"position\":1,\"name\":\"Strona g\u0142\u00f3wna\",\"item\":\"https:\/\/www.evomed.com.pl\/warszawa2\/\"},{\"@type\":\"ListItem\",\"position\":2,\"name\":\"Piel\u0119gniarska opieka d\u0142ugoterminowa\"}]},{\"@type\":\"WebSite\",\"@id\":\"https:\/\/www.evomed.com.pl\/warszawa2\/#website\",\"url\":\"https:\/\/www.evomed.com.pl\/warszawa2\/\",\"name\":\"Warszawa\",\"description\":\"\",\"potentialAction\":[{\"@type\":\"SearchAction\",\"target\":{\"@type\":\"EntryPoint\",\"urlTemplate\":\"https:\/\/www.evomed.com.pl\/warszawa2\/?s={search_term_string}\"},\"query-input\":{\"@type\":\"PropertyValueSpecification\",\"valueRequired\":true,\"valueName\":\"search_term_string\"}}],\"inLanguage\":\"pl-PL\"}]}<\/script>\n<!-- \/ Yoast SEO plugin. -->","yoast_head_json":{"title":"Piel\u0119gniarska opieka d\u0142ugoterminowa - Warszawa","robots":{"index":"index","follow":"follow","max-snippet":"max-snippet:-1","max-image-preview":"max-image-preview:large","max-video-preview":"max-video-preview:-1"},"canonical":"https:\/\/www.evomed.com.pl\/warszawa2\/pielegniarska-opieka-dlugoterminowa\/","og_locale":"pl_PL","og_type":"article","og_title":"Piel\u0119gniarska opieka d\u0142ugoterminowa - Warszawa","og_description":"Piel\u0119gniarska opieka d\u0142ugoterminowa Opieka \u015bwiadczona w\u00a0warunkach domowych przez\u00a0piel\u0119gniarki wyspecjalizowane w\u00a0opiece nad\u00a0ob\u0142o\u017cnie chorymi. Opieka realizowana jest na\u00a0zlecenie lekarza ubezpieczenia zdrowotnego. tel.\u00a0506 217 594 Dokumenty do\u00a0pobrania","og_url":"https:\/\/www.evomed.com.pl\/warszawa2\/pielegniarska-opieka-dlugoterminowa\/","og_site_name":"Warszawa","article_modified_time":"2026-02-02T15:13:33+00:00","twitter_card":"summary_large_image","twitter_misc":{"Szacowany czas czytania":"1 minuta"},"schema":{"@context":"https:\/\/schema.org","@graph":[{"@type":"WebPage","@id":"https:\/\/www.evomed.com.pl\/warszawa2\/pielegniarska-opieka-dlugoterminowa\/","url":"https:\/\/www.evomed.com.pl\/warszawa2\/pielegniarska-opieka-dlugoterminowa\/","name":"Piel\u0119gniarska opieka d\u0142ugoterminowa - Warszawa","isPartOf":{"@id":"https:\/\/www.evomed.com.pl\/warszawa2\/#website"},"datePublished":"2026-02-02T15:04:18+00:00","dateModified":"2026-02-02T15:13:33+00:00","breadcrumb":{"@id":"https:\/\/www.evomed.com.pl\/warszawa2\/pielegniarska-opieka-dlugoterminowa\/#breadcrumb"},"inLanguage":"pl-PL","potentialAction":[{"@type":"ReadAction","target":["https:\/\/www.evomed.com.pl\/warszawa2\/pielegniarska-opieka-dlugoterminowa\/"]}]},{"@type":"BreadcrumbList","@id":"https:\/\/www.evomed.com.pl\/warszawa2\/pielegniarska-opieka-dlugoterminowa\/#breadcrumb","itemListElement":[{"@type":"ListItem","position":1,"name":"Strona g\u0142\u00f3wna","item":"https:\/\/www.evomed.com.pl\/warszawa2\/"},{"@type":"ListItem","position":2,"name":"Piel\u0119gniarska opieka d\u0142ugoterminowa"}]},{"@type":"WebSite","@id":"https:\/\/www.evomed.com.pl\/warszawa2\/#website","url":"https:\/\/www.evomed.com.pl\/warszawa2\/","name":"Warszawa","description":"","potentialAction":[{"@type":"SearchAction","target":{"@type":"EntryPoint","urlTemplate":"https:\/\/www.evomed.com.pl\/warszawa2\/?s={search_term_string}"},"query-input":{"@type":"PropertyValueSpecification","valueRequired":true,"valueName":"search_term_string"}}],"inLanguage":"pl-PL"}]}},"_links":{"self":[{"href":"https:\/\/www.evomed.com.pl\/warszawa2\/wp-json\/wp\/v2\/pages\/186","targetHints":{"allow":["GET"]}}],"collection":[{"href":"https:\/\/www.evomed.com.pl\/warszawa2\/wp-json\/wp\/v2\/pages"}],"about":[{"href":"https:\/\/www.evomed.com.pl\/warszawa2\/wp-json\/wp\/v2\/types\/page"}],"author":[{"embeddable":true,"href":"https:\/\/www.evomed.com.pl\/warszawa2\/wp-json\/wp\/v2\/users\/1"}],"replies":[{"embeddable":true,"href":"https:\/\/www.evomed.com.pl\/warszawa2\/wp-json\/wp\/v2\/comments?post=186"}],"version-history":[{"count":8,"href":"https:\/\/www.evomed.com.pl\/warszawa2\/wp-json\/wp\/v2\/pages\/186\/revisions"}],"predecessor-version":[{"id":203,"href":"https:\/\/www.evomed.com.pl\/warszawa2\/wp-json\/wp\/v2\/pages\/186\/revisions\/203"}],"wp:attachment":[{"href":"https:\/\/www.evomed.com.pl\/warszawa2\/wp-json\/wp\/v2\/media?parent=186"}],"curies":[{"name":"wp","href":"https:\/\/api.w.org\/{rel}","templated":true}]}}