{"id":1365,"date":"2025-10-08T11:15:38","date_gmt":"2025-10-08T09:15:38","guid":{"rendered":"https:\/\/www.evomed.com.pl\/szczecin\/?page_id=1365"},"modified":"2025-10-08T11:24:03","modified_gmt":"2025-10-08T09:24:03","slug":"stopka","status":"publish","type":"page","link":"https:\/\/www.evomed.com.pl\/szczecin\/stopka\/","title":{"rendered":"Stopka"},"content":{"rendered":"\n<div class=\"wp-block-my-custom-container moai-wrapper mbhc mbvc mbcv  mbcon has-white-color has-podstawowy-background-color has-text-color has-background has-link-color wp-elements-b876ed45c29ee9e8d60c995e2cc5c4b4\">\n<div style=\"height:100px\" aria-hidden=\"true\" class=\"wp-block-spacer is-style-m-spacerfull\"><\/div>\n\n\n\n<div class=\"wp-block-columns are-vertically-aligned-bottom is-layout-flex wp-container-core-columns-is-layout-9d6595d7 wp-block-columns-is-layout-flex\">\n<div class=\"wp-block-column is-vertically-aligned-bottom is-layout-flow wp-block-column-is-layout-flow\" style=\"flex-basis:33%\">\n<p class=\"has-text-align-center\">EVOMED<br>Evomed Sp. z o.o.,<br>ul. Dubois 27, 71-610 Szczecin<\/p>\n\n\n\n<div style=\"height:20px\" aria-hidden=\"true\" class=\"wp-block-spacer\"><\/div>\n\n\n\n<div class=\"wp-block-buttons is-content-justification-center is-layout-flex wp-container-core-buttons-is-layout-16018d1d wp-block-buttons-is-layout-flex\">\n<div class=\"wp-block-button\"><a class=\"wp-block-button__link has-tekst-color has-text-color has-background has-link-color wp-element-button\" href=\"\/szczecin\/twoj-lekarz-rodzinny\/#naszeplacowki\" style=\"background-color:#e5ecf4\">Zobacz jak dojecha\u0107<\/a><\/div>\n<\/div>\n<\/div>\n\n\n\n<div class=\"wp-block-column is-vertically-aligned-bottom is-layout-flow wp-block-column-is-layout-flow\">\n<div class=\"wp-block-columns are-vertically-aligned-bottom is-layout-flex wp-container-core-columns-is-layout-9d6595d7 wp-block-columns-is-layout-flex\">\n<div class=\"wp-block-column is-vertically-aligned-bottom is-layout-flow wp-block-column-is-layout-flow\">\n<div class=\"wp-block-columns footerlogos is-layout-flex wp-container-core-columns-is-layout-9d6595d7 wp-block-columns-is-layout-flex\">\n<div class=\"wp-block-column flexu is-layout-flow wp-block-column-is-layout-flow\">\n<figure class=\"wp-block-image size-full is-resized\"><img loading=\"lazy\" decoding=\"async\" width=\"231\" height=\"46\" src=\"https:\/\/www.evomed.com.pl\/szczecin\/wp-content\/uploads\/sites\/3\/2025\/02\/knowhow-logo-w.png\" alt=\"\" class=\"wp-image-60\" style=\"width:auto;height:50px\" srcset=\"https:\/\/www.evomed.com.pl\/szczecin\/wp-content\/uploads\/sites\/3\/2025\/02\/knowhow-logo-w.png 231w, https:\/\/www.evomed.com.pl\/szczecin\/wp-content\/uploads\/sites\/3\/2025\/02\/knowhow-logo-w-40x8.png 40w\" sizes=\"auto, (max-width: 231px) 100vw, 231px\"><\/figure>\n<\/div>\n\n\n\n<div class=\"wp-block-column flexu is-layout-flow wp-block-column-is-layout-flow\">\n<figure class=\"wp-block-image size-large is-resized imgw\"><a href=\"https:\/\/www.alab.pl\/\" target=\"_blank\" rel=\" noreferrer noopener\"><img decoding=\"async\" src=\"https:\/\/www.evomed.com.pl\/szczecin\/wp-content\/uploads\/sites\/3\/2025\/02\/alab-laboratoria.svg\" alt=\"\" class=\"wp-image-61\" style=\"width:auto;height:50px\"><\/a><\/figure>\n<\/div>\n\n\n\n<div class=\"wp-block-column flexu is-layout-flow wp-block-column-is-layout-flow\">\n<figure class=\"wp-block-image size-large is-resized\"><a href=\"https:\/\/www.109szpital.pl\/\" target=\"_blank\" rel=\" noreferrer noopener\"><img loading=\"lazy\" decoding=\"async\" width=\"1024\" height=\"223\" src=\"https:\/\/www.evomed.com.pl\/szczecin\/wp-content\/uploads\/sites\/3\/2025\/05\/logo-szpitala-109-b-1024x223.png\" alt=\"\" class=\"wp-image-1060\" style=\"width:auto;height:50px\" srcset=\"https:\/\/www.evomed.com.pl\/szczecin\/wp-content\/uploads\/sites\/3\/2025\/05\/logo-szpitala-109-b-1024x223.png 1024w, https:\/\/www.evomed.com.pl\/szczecin\/wp-content\/uploads\/sites\/3\/2025\/05\/logo-szpitala-109-b-300x65.png 300w, https:\/\/www.evomed.com.pl\/szczecin\/wp-content\/uploads\/sites\/3\/2025\/05\/logo-szpitala-109-b-768x167.png 768w, https:\/\/www.evomed.com.pl\/szczecin\/wp-content\/uploads\/sites\/3\/2025\/05\/logo-szpitala-109-b-1536x334.png 1536w, https:\/\/www.evomed.com.pl\/szczecin\/wp-content\/uploads\/sites\/3\/2025\/05\/logo-szpitala-109-b-2048x446.png 2048w, https:\/\/www.evomed.com.pl\/szczecin\/wp-content\/uploads\/sites\/3\/2025\/05\/logo-szpitala-109-b-40x9.png 40w, https:\/\/www.evomed.com.pl\/szczecin\/wp-content\/uploads\/sites\/3\/2025\/05\/logo-szpitala-109-b-1920x418.png 1920w, https:\/\/www.evomed.com.pl\/szczecin\/wp-content\/uploads\/sites\/3\/2025\/05\/logo-szpitala-109-b-600x131.png 600w, https:\/\/www.evomed.com.pl\/szczecin\/wp-content\/uploads\/sites\/3\/2025\/05\/logo-szpitala-109-b-980x213.png 980w, https:\/\/www.evomed.com.pl\/szczecin\/wp-content\/uploads\/sites\/3\/2025\/05\/logo-szpitala-109-b-230x50.png 230w, https:\/\/www.evomed.com.pl\/szczecin\/wp-content\/uploads\/sites\/3\/2025\/05\/logo-szpitala-109-b-1568x341.png 1568w\" sizes=\"auto, (max-width: 1024px) 100vw, 1024px\"><\/a><\/figure>\n<\/div>\n\n\n\n<div class=\"wp-block-column flexu is-layout-flow wp-block-column-is-layout-flow\">\n<figure class=\"wp-block-image size-full is-resized\"><a href=\"https:\/\/www.gov.pl\/web\/spzoz-mswia-szczecin\" target=\"_blank\" rel=\" noreferrer noopener\"><img decoding=\"async\" src=\"https:\/\/www.evomed.com.pl\/wp-content\/uploads\/2025\/06\/mswia.png\" alt=\"\" class=\"wp-image-95\" style=\"width:auto;height:60px\"><\/a><\/figure>\n<\/div>\n<\/div>\n\n\n\n<div style=\"height:100px\" aria-hidden=\"true\" class=\"wp-block-spacer is-style-m-spacerhalf\"><\/div>\n\n\n\n<div class=\"wp-block-columns is-layout-flex wp-container-core-columns-is-layout-9d6595d7 wp-block-columns-is-layout-flex\">\n<div class=\"wp-block-column is-layout-flow wp-block-column-is-layout-flow\">\n<p class=\"has-text-align-center\"><a href=\"\/\">Strona g\u0142\u00f3wna<\/a> | <a href=\"https:\/\/www.evomed.com.pl\/szczecin\/kontakt\/\" data-type=\"page\" data-id=\"769\">Kontakt<\/a> | <a href=\"https:\/\/www.evomed.com.pl\/szczecin\/wp-content\/uploads\/sites\/3\/2025\/05\/regulamin-parkingu-2025.pdf\" target=\"_blank\" rel=\"noreferrer noopener\">Parking<\/a> <br><a href=\"https:\/\/www.evomed.com.pl\/szczecin\/wp-content\/uploads\/sites\/3\/2025\/05\/regulamin-udostepniania-dokumentacji-medycznej.pdf\" target=\"_blank\" rel=\"noreferrer noopener\">Dokumentacja medyczna<\/a><br><a href=\"https:\/\/www.evomed.com.pl\/szczecin\/wp-content\/uploads\/sites\/3\/2025\/05\/udostepnianie-dokumentacji-medycznej.pdf\" data-type=\"link\" data-id=\"https:\/\/www.evomed.com.pl\/szczecin\/wp-content\/uploads\/sites\/3\/2025\/05\/udostepnianie-dokumentacji-medycznej.pdf\" target=\"_blank\" rel=\"noreferrer noopener\">Wniosek o udost\u0119pnienie dokumentacji medycznej<\/a><\/p>\n<\/div>\n\n\n\n<div class=\"wp-block-column is-layout-flow wp-block-column-is-layout-flow\">\n<p class=\"has-text-align-center\">S\u0105d Rejonowy Szczecin-Centrum<br>w Szczecinie XIII Wydzia\u0142 Gospodarczy<br>KRS: 0000146362, NIP: 851 10 13 404<br>Wysoko\u015b\u0107 kapita\u0142u zak\u0142adowego: 1 610 000 z\u0142<\/p>\n<\/div>\n<\/div>\n<\/div>\n<\/div>\n<\/div>\n<\/div>\n\n\n\n<div style=\"height:100px\" aria-hidden=\"true\" class=\"wp-block-spacer is-style-m-spacerfull\"><\/div>\n\n\n<div class=\"wp-block-image\">\n<figure class=\"aligncenter size-full is-resized\"><a href=\"https:\/\/pzgomaz.com\/notLogged?customer=EVOMED\" target=\"_blank\" rel=\" noreferrer noopener\"><img loading=\"lazy\" decoding=\"async\" width=\"300\" height=\"244\" src=\"https:\/\/www.evomed.com.pl\/szczecin\/wp-content\/uploads\/sites\/3\/2025\/10\/dlonie_biale_tlo_n.png\" alt=\"\" class=\"wp-image-1364\" style=\"width:auto;height:50px\" srcset=\"https:\/\/www.evomed.com.pl\/szczecin\/wp-content\/uploads\/sites\/3\/2025\/10\/dlonie_biale_tlo_n.png 300w, https:\/\/www.evomed.com.pl\/szczecin\/wp-content\/uploads\/sites\/3\/2025\/10\/dlonie_biale_tlo_n-40x33.png 40w, https:\/\/www.evomed.com.pl\/szczecin\/wp-content\/uploads\/sites\/3\/2025\/10\/dlonie_biale_tlo_n-270x220.png 270w, https:\/\/www.evomed.com.pl\/szczecin\/wp-content\/uploads\/sites\/3\/2025\/10\/dlonie_biale_tlo_n-184x150.png 184w\" sizes=\"auto, (max-width: 300px) 100vw, 300px\"><\/a><\/figure>\n<\/div>\n\n\n<div style=\"height:100px\" aria-hidden=\"true\" class=\"wp-block-spacer is-style-m-spacerfull\"><\/div>\n<\/div>\n\n\n\n<p class=\"has-text-align-center\">Polityka Prywatno\u015bci | <a href=\"https:\/\/www.evomed.com.pl\/szczecin\/wp-content\/uploads\/sites\/3\/2025\/06\/rodo-dla-pacjenta.pdf\" target=\"_blank\" rel=\"noreferrer noopener\">RODO<\/a> | Copywrite: EVOMED 2025<\/p>\n\n\n\n<div style=\"height:20px\" aria-hidden=\"true\" class=\"wp-block-spacer\"><\/div>\n","protected":false},"excerpt":{"rendered":"<p>Polityka Prywatno\u015bci | RODO | Copywrite: EVOMED 2025<\/p>\n","protected":false},"author":1,"featured_media":0,"parent":0,"menu_order":0,"comment_status":"closed","ping_status":"closed","template":"","meta":{"_acf_changed":false,"inline_featured_image":false,"footnotes":""},"class_list":["post-1365","page","type-page","status-publish","hentry"],"acf":[],"yoast_head":"<!-- This site is optimized with the Yoast SEO plugin v27.2 - https:\/\/yoast.com\/product\/yoast-seo-wordpress\/ -->\n<title>Stopka - Evomed Szczecin<\/title>\n<meta name=\"robots\" content=\"index, follow, max-snippet:-1, max-image-preview:large, max-video-preview:-1\" \/>\n<link rel=\"canonical\" href=\"https:\/\/www.evomed.com.pl\/szczecin\/stopka\/\" \/>\n<meta property=\"og:locale\" content=\"pl_PL\" \/>\n<meta property=\"og:type\" content=\"article\" \/>\n<meta property=\"og:title\" content=\"Stopka - Evomed Szczecin\" \/>\n<meta property=\"og:description\" content=\"Polityka Prywatno\u015bci | RODO | Copywrite: EVOMED 2025\" \/>\n<meta property=\"og:url\" content=\"https:\/\/www.evomed.com.pl\/szczecin\/stopka\/\" \/>\n<meta property=\"og:site_name\" content=\"Evomed Szczecin\" \/>\n<meta property=\"article:modified_time\" content=\"2025-10-08T09:24:03+00:00\" \/>\n<meta property=\"og:image\" content=\"https:\/\/www.evomed.com.pl\/szczecin\/wp-content\/uploads\/sites\/3\/2025\/02\/knowhow-logo-w.png\" \/>\n\t<meta property=\"og:image:width\" content=\"231\" \/>\n\t<meta property=\"og:image:height\" content=\"46\" \/>\n\t<meta property=\"og:image:type\" content=\"image\/png\" \/>\n<meta name=\"twitter:card\" content=\"summary_large_image\" \/>\n<meta name=\"twitter:label1\" content=\"Szacowany czas czytania\" \/>\n\t<meta name=\"twitter:data1\" content=\"2 minuty\" \/>\n<script type=\"application\/ld+json\" class=\"yoast-schema-graph\">{\"@context\":\"https:\/\/schema.org\",\"@graph\":[{\"@type\":\"WebPage\",\"@id\":\"https:\/\/www.evomed.com.pl\/szczecin\/stopka\/\",\"url\":\"https:\/\/www.evomed.com.pl\/szczecin\/stopka\/\",\"name\":\"Stopka - Evomed Szczecin\",\"isPartOf\":{\"@id\":\"https:\/\/www.evomed.com.pl\/szczecin\/#website\"},\"primaryImageOfPage\":{\"@id\":\"https:\/\/www.evomed.com.pl\/szczecin\/stopka\/#primaryimage\"},\"image\":{\"@id\":\"https:\/\/www.evomed.com.pl\/szczecin\/stopka\/#primaryimage\"},\"thumbnailUrl\":\"https:\/\/www.evomed.com.pl\/szczecin\/wp-content\/uploads\/sites\/3\/2025\/02\/knowhow-logo-w.png\",\"datePublished\":\"2025-10-08T09:15:38+00:00\",\"dateModified\":\"2025-10-08T09:24:03+00:00\",\"breadcrumb\":{\"@id\":\"https:\/\/www.evomed.com.pl\/szczecin\/stopka\/#breadcrumb\"},\"inLanguage\":\"pl-PL\",\"potentialAction\":[{\"@type\":\"ReadAction\",\"target\":[\"https:\/\/www.evomed.com.pl\/szczecin\/stopka\/\"]}]},{\"@type\":\"ImageObject\",\"inLanguage\":\"pl-PL\",\"@id\":\"https:\/\/www.evomed.com.pl\/szczecin\/stopka\/#primaryimage\",\"url\":\"https:\/\/www.evomed.com.pl\/szczecin\/wp-content\/uploads\/sites\/3\/2025\/02\/knowhow-logo-w.png\",\"contentUrl\":\"https:\/\/www.evomed.com.pl\/szczecin\/wp-content\/uploads\/sites\/3\/2025\/02\/knowhow-logo-w.png\",\"width\":231,\"height\":46},{\"@type\":\"BreadcrumbList\",\"@id\":\"https:\/\/www.evomed.com.pl\/szczecin\/stopka\/#breadcrumb\",\"itemListElement\":[{\"@type\":\"ListItem\",\"position\":1,\"name\":\"Strona g\u0142\u00f3wna\",\"item\":\"https:\/\/www.evomed.com.pl\/szczecin\/\"},{\"@type\":\"ListItem\",\"position\":2,\"name\":\"Stopka\"}]},{\"@type\":\"WebSite\",\"@id\":\"https:\/\/www.evomed.com.pl\/szczecin\/#website\",\"url\":\"https:\/\/www.evomed.com.pl\/szczecin\/\",\"name\":\"Evomed Szczecin\",\"description\":\"Kompleksowa wizja opieki medycznej\",\"potentialAction\":[{\"@type\":\"SearchAction\",\"target\":{\"@type\":\"EntryPoint\",\"urlTemplate\":\"https:\/\/www.evomed.com.pl\/szczecin\/?s={search_term_string}\"},\"query-input\":{\"@type\":\"PropertyValueSpecification\",\"valueRequired\":true,\"valueName\":\"search_term_string\"}}],\"inLanguage\":\"pl-PL\"}]}<\/script>\n<!-- \/ Yoast SEO plugin. -->","yoast_head_json":{"title":"Stopka - Evomed Szczecin","robots":{"index":"index","follow":"follow","max-snippet":"max-snippet:-1","max-image-preview":"max-image-preview:large","max-video-preview":"max-video-preview:-1"},"canonical":"https:\/\/www.evomed.com.pl\/szczecin\/stopka\/","og_locale":"pl_PL","og_type":"article","og_title":"Stopka - Evomed Szczecin","og_description":"Polityka Prywatno\u015bci | RODO | Copywrite: EVOMED 2025","og_url":"https:\/\/www.evomed.com.pl\/szczecin\/stopka\/","og_site_name":"Evomed Szczecin","article_modified_time":"2025-10-08T09:24:03+00:00","og_image":[{"width":231,"height":46,"url":"https:\/\/www.evomed.com.pl\/szczecin\/wp-content\/uploads\/sites\/3\/2025\/02\/knowhow-logo-w.png","type":"image\/png"}],"twitter_card":"summary_large_image","twitter_misc":{"Szacowany czas czytania":"2 minuty"},"schema":{"@context":"https:\/\/schema.org","@graph":[{"@type":"WebPage","@id":"https:\/\/www.evomed.com.pl\/szczecin\/stopka\/","url":"https:\/\/www.evomed.com.pl\/szczecin\/stopka\/","name":"Stopka - Evomed Szczecin","isPartOf":{"@id":"https:\/\/www.evomed.com.pl\/szczecin\/#website"},"primaryImageOfPage":{"@id":"https:\/\/www.evomed.com.pl\/szczecin\/stopka\/#primaryimage"},"image":{"@id":"https:\/\/www.evomed.com.pl\/szczecin\/stopka\/#primaryimage"},"thumbnailUrl":"https:\/\/www.evomed.com.pl\/szczecin\/wp-content\/uploads\/sites\/3\/2025\/02\/knowhow-logo-w.png","datePublished":"2025-10-08T09:15:38+00:00","dateModified":"2025-10-08T09:24:03+00:00","breadcrumb":{"@id":"https:\/\/www.evomed.com.pl\/szczecin\/stopka\/#breadcrumb"},"inLanguage":"pl-PL","potentialAction":[{"@type":"ReadAction","target":["https:\/\/www.evomed.com.pl\/szczecin\/stopka\/"]}]},{"@type":"ImageObject","inLanguage":"pl-PL","@id":"https:\/\/www.evomed.com.pl\/szczecin\/stopka\/#primaryimage","url":"https:\/\/www.evomed.com.pl\/szczecin\/wp-content\/uploads\/sites\/3\/2025\/02\/knowhow-logo-w.png","contentUrl":"https:\/\/www.evomed.com.pl\/szczecin\/wp-content\/uploads\/sites\/3\/2025\/02\/knowhow-logo-w.png","width":231,"height":46},{"@type":"BreadcrumbList","@id":"https:\/\/www.evomed.com.pl\/szczecin\/stopka\/#breadcrumb","itemListElement":[{"@type":"ListItem","position":1,"name":"Strona g\u0142\u00f3wna","item":"https:\/\/www.evomed.com.pl\/szczecin\/"},{"@type":"ListItem","position":2,"name":"Stopka"}]},{"@type":"WebSite","@id":"https:\/\/www.evomed.com.pl\/szczecin\/#website","url":"https:\/\/www.evomed.com.pl\/szczecin\/","name":"Evomed Szczecin","description":"Kompleksowa wizja opieki medycznej","potentialAction":[{"@type":"SearchAction","target":{"@type":"EntryPoint","urlTemplate":"https:\/\/www.evomed.com.pl\/szczecin\/?s={search_term_string}"},"query-input":{"@type":"PropertyValueSpecification","valueRequired":true,"valueName":"search_term_string"}}],"inLanguage":"pl-PL"}]}},"_links":{"self":[{"href":"https:\/\/www.evomed.com.pl\/szczecin\/wp-json\/wp\/v2\/pages\/1365","targetHints":{"allow":["GET"]}}],"collection":[{"href":"https:\/\/www.evomed.com.pl\/szczecin\/wp-json\/wp\/v2\/pages"}],"about":[{"href":"https:\/\/www.evomed.com.pl\/szczecin\/wp-json\/wp\/v2\/types\/page"}],"author":[{"embeddable":true,"href":"https:\/\/www.evomed.com.pl\/szczecin\/wp-json\/wp\/v2\/users\/1"}],"replies":[{"embeddable":true,"href":"https:\/\/www.evomed.com.pl\/szczecin\/wp-json\/wp\/v2\/comments?post=1365"}],"version-history":[{"count":4,"href":"https:\/\/www.evomed.com.pl\/szczecin\/wp-json\/wp\/v2\/pages\/1365\/revisions"}],"predecessor-version":[{"id":1371,"href":"https:\/\/www.evomed.com.pl\/szczecin\/wp-json\/wp\/v2\/pages\/1365\/revisions\/1371"}],"wp:attachment":[{"href":"https:\/\/www.evomed.com.pl\/szczecin\/wp-json\/wp\/v2\/media?parent=1365"}],"curies":[{"name":"wp","href":"https:\/\/api.w.org\/{rel}","templated":true}]}}